{"id":762,"date":"2016-05-17T14:19:58","date_gmt":"2016-05-17T12:19:58","guid":{"rendered":"https:\/\/www.frolyt.de\/en\/pseudo-smd-kondensatoren\/"},"modified":"2020-12-29T17:50:24","modified_gmt":"2020-12-29T16:50:24","slug":"capacitors-high-vibration-exposures","status":"publish","type":"page","link":"https:\/\/frolyt.de\/en\/aluminium-electrolytic-capacitors\/capacitors-high-vibration-exposures\/","title":{"rendered":"Capacitors for high vibration exposures"},"content":{"rendered":"<p>\n    \n    \n    \n            <div class=\"glacier-section\" style=\"padding-top: 30px; padding-bottom: 30px; \" id=\"section-57291890046d6\">\n            <div class=\"container\">\n                <section>\n                    \n<div class=\"row\">\n\t\n\n<div class=\"col-xs-12 col-sm-12 col-md-9\" >\n\t<div class=\"column-inside\" style=\"background: transparent  \">\n\t\t\n<div class=\"heading-block text-left \">\n\t<h2 class=\"special-heading\" >Embossed radial capacitors<\/h2>\n\t<\/div><div class=\"text-block shortcode-container\" >\n\t<ul><li>electrolytic-aluminum-capacitor for surface montage with lead-free Reflow-Soldering for high requirements<\/li><li>thermo-fixation while the soldering for high vibration exposures (30 G, 3 planes, rapid temperature change)<\/li><li>high C x V - product for rated voltages between 6,3 V to 450 V<\/li><li>temperature range -55 \u00b0C to 150 \u00b0C<\/li><li>delivery in blister tapes on reel<\/li><li>on demand with \"coat\"-isolation \u00d88,7 mm to 18,0 mm<\/li><li>parameter adjustment depending on the application<\/li><\/ul><\/div><div class=\"text-block shortcode-container\" >\n\t<h3>Sizes<\/h3><p>\u00d88,7 mm x 12,7 mm<br \/>\u00d810,0 mm x 12,7 mm | \u00d810,0 mm x 16,5 mm | \u00d810,0 mm x 21,0 mm<br \/>\u00d812,5 mm x 21,0 mm | \u00d812,5 mm x 25,0 mm | \u00d812,5 mm x 30,0 mm<br \/>\u00d816,5 mm x 22,0 mm | \u00d816,5 mm x 26,0 mm | \u00d816,5 mm x 30,0 mm | \u00d816,5 mm x 36,5 mm<br \/>\u00d818,0 mm x 21,0 mm | \u00d818,0 mm x 26,0 mm | \u00d818,0 mm x 30,0 mm | \u00d818,0 mm x 36,5 mm<\/p><\/div>\t<\/div>\n<\/div>\n\n<div class=\"col-xs-12 col-sm-6 col-md-3\" >\n\t<div class=\"column-inside\" style=\"background: transparent  top left no-repeat scroll;padding-top: 20px;padding-right: 20px;padding-bottom: 20px;padding-left: 20px;margin-top: 0px;margin-bottom: 0px;\">\n\t\t\n<img loading=\"lazy\" decoding=\"async\" data-no-retina src=\"https:\/\/www.frolyt.de\/wp-content\/uploads\/Pseudo_SMD-1-255x185.jpg\" alt=\"Pseudo_SMD\" width=\"255\"\n     height=\"185\" class=\"img-responsive align-center \"\/>\n\t<\/div>\n<\/div><\/div>\n\n                <\/section>\n            <\/div>\n                    <\/div>\n    \n    \n    \n    \n            <div class=\"glacier-section\" style=\"padding-top: 30px; padding-bottom: 0px; \" id=\"section-57291890046d6\">\n            <div class=\"container\">\n                <section>\n                    \n<div class=\"row\">\n\t\n\n<div class=\"col-xs-12 col-sm-12 col-md-9\" >\n\t<div class=\"column-inside\" style=\"background: transparent  \">\n\t\t\n<div class=\"heading-block text-left \">\n\t<h2 class=\"special-heading\" >Axial electrolytic-capacitors with additional crimp<\/h2>\n\t<\/div><div class=\"text-block shortcode-container\" >\n\t<ul><li>temperature range -55 \u00b0C to 150 \u00b0C<\/li><li>parameter adjustment depending on the application<\/li><\/ul><\/div><div class=\"text-block shortcode-container\" >\n\t<h3>Sizes<\/h3><p>\u00d814,0 mm x 25,5 mm and \u00d814,0 mm x 30,5 mm<\/p><\/div>\t<\/div>\n<\/div>\n\n<div class=\"col-xs-12 col-sm-6 col-md-3\" >\n\t<div class=\"column-inside\" style=\"background: transparent  \">\n\t\t\n<img loading=\"lazy\" decoding=\"async\" data-no-retina src=\"https:\/\/www.frolyt.de\/wp-content\/uploads\/Elko_axial_Z-500x294.jpg\" alt=\"Elko_axial_Z\" width=\"500\"\n     height=\"294\" class=\"img-responsive align-left \"\/>\n\t<\/div>\n<\/div><\/div>\n\n                <\/section>\n            <\/div>\n                    <\/div>\n    \n    \n    \n    \n            <div class=\"glacier-section\" style=\"padding-top: 30px; padding-bottom: 30px; \" id=\"section-57291890046d6\">\n            <div class=\"container\">\n                <section>\n                    \n<div class=\"row\">\n\t\n\n<div class=\"col-xs-12 col-sm-12 col-md-9\" >\n\t<div class=\"column-inside\" style=\"background: transparent  \">\n\t\t\n<div class=\"heading-block text-left \">\n\t<h2 class=\"special-heading\" >SMD-capacitors for high vibration exposures<\/h2>\n\t<\/div><div class=\"text-block shortcode-container\" >\n\t<ul><li>temperature range -55 \u00b0C to 150 \u00b0C<\/li><li>parameter adjustment depending on the application<\/li><\/ul><\/div><div class=\"text-block shortcode-container\" >\n\t<h3>Sizes<\/h3><p>\u00d812,5 mm x 21,0 mm, \u00d812,5 mm x 25,0 mm and \u00d812,5 mm x 30,0 mm<\/p><\/div>\t<\/div>\n<\/div>\n\n<div class=\"col-xs-12 col-sm-6 col-md-3\" >\n\t<div class=\"column-inside\" style=\"background: transparent  \">\n\t\t\n<img loading=\"lazy\" decoding=\"async\" data-no-retina src=\"https:\/\/www.frolyt.de\/wp-content\/uploads\/schwingungstabiler_SMD_Frolyt-500x357.jpg\" alt=\"schwingungstabiler_SMD_Frolyt\" width=\"500\"\n     height=\"357\" class=\"img-responsive align-left \"\/>\n\t<\/div>\n<\/div><\/div>\n\n                <\/section>\n            <\/div>\n                    <\/div>\n    \n    \n    \n    \n            <div class=\"glacier-section\" style=\"padding-top: 30px; padding-bottom: 100px; \" id=\"section-5ac5ccb94f6d3\">\n            <div class=\"container\">\n                <section>\n                    \n<div class=\"row\">\n\t\n\n<div class=\"col-xs-12 col-sm-12\" >\n\t<div class=\"column-inside\" style=\"background: #f3f3f3 top left no-repeat scroll;padding-top: 20px;padding-right: 20px;padding-bottom: 20px;padding-left: 20px;margin-top: 0px;margin-bottom: 0px;\">\n\t\t<div class=\"fw-call-to-action\">\n\t<div class=\"fw-action-content\">\n\t\t\t\t<h2>Are you interested in our capacitors for high vibration exposures?<\/h2>\n\t\t\t\t<p>We are happy to make you a non-binding offer.<\/p>\n\t<\/div>\n\t<div class=\"fw-action-btn\">\n\t\t<a href=\"https:\/\/www.frolyt.de\/en\/contact\/\" class=\"fw-btn fw-btn-1\" target=\"_self\">\n\t\t\t<span>Contact now<\/span>\n\t\t<\/a>\n\t<\/div>\n<\/div>\t<\/div>\n<\/div><\/div>\n\n                <\/section>\n            <\/div>\n                    <\/div>\n    <\/p>\n","protected":false},"excerpt":{"rendered":"<p>Embossed radial capacitors electrolytic-aluminum-capacitor for surface montage with lead-free Reflow-Soldering for high requirementsthermo-fixation while the soldering for high vibration exposures (30 G, 3 planes, rapid temperature change)high C x V &#8211; product for rated voltages between 6,3 V to 450 Vtemperature range -55 \u00b0C to 150 \u00b0Cdelivery in blister tapes on reelon demand with &#8220;coat&#8221;-isolation [&hellip;]<\/p>\n","protected":false},"author":2,"featured_media":9439,"parent":1508,"menu_order":0,"comment_status":"closed","ping_status":"closed","template":"","meta":{"footnotes":""},"class_list":["post-762","page","type-page","status-publish","has-post-thumbnail","hentry"],"yoast_head":"<!-- This site is optimized with the Yoast SEO plugin v24.9 - https:\/\/yoast.com\/wordpress\/plugins\/seo\/ -->\n<title>Capacitors for high vibration exposures - FROLYT<\/title>\n<meta name=\"description\" content=\"These are assemblies applicable to all dimensions of radial, axial and SMD capacitors.\" \/>\n<meta name=\"robots\" content=\"index, follow, max-snippet:-1, max-image-preview:large, max-video-preview:-1\" \/>\n<link rel=\"canonical\" href=\"https:\/\/frolyt.de\/en\/aluminium-electrolytic-capacitors\/capacitors-high-vibration-exposures\/\" \/>\n<meta property=\"og:locale\" content=\"en_US\" \/>\n<meta property=\"og:type\" content=\"article\" \/>\n<meta property=\"og:title\" content=\"Capacitors for high vibration exposures - FROLYT\" \/>\n<meta property=\"og:description\" content=\"These are assemblies applicable to all dimensions of radial, axial and SMD capacitors.\" \/>\n<meta property=\"og:url\" content=\"https:\/\/frolyt.de\/en\/aluminium-electrolytic-capacitors\/capacitors-high-vibration-exposures\/\" \/>\n<meta property=\"og:site_name\" content=\"FROLYT\" \/>\n<meta property=\"article:modified_time\" content=\"2020-12-29T16:50:24+00:00\" \/>\n<meta property=\"og:image\" content=\"https:\/\/frolyt.de\/wp-content\/uploads\/frolyt-Startseite.jpg\" \/>\n\t<meta property=\"og:image:width\" content=\"1170\" \/>\n\t<meta property=\"og:image:height\" content=\"500\" \/>\n\t<meta property=\"og:image:type\" content=\"image\/jpeg\" \/>\n<meta name=\"twitter:card\" content=\"summary_large_image\" \/>\n<meta name=\"twitter:label1\" content=\"Est. reading time\" \/>\n\t<meta name=\"twitter:data1\" content=\"1 minute\" \/>\n<!-- \/ Yoast SEO plugin. -->","yoast_head_json":{"title":"Capacitors for high vibration exposures - FROLYT","description":"These are assemblies applicable to all dimensions of radial, axial and SMD capacitors.","robots":{"index":"index","follow":"follow","max-snippet":"max-snippet:-1","max-image-preview":"max-image-preview:large","max-video-preview":"max-video-preview:-1"},"canonical":"https:\/\/frolyt.de\/en\/aluminium-electrolytic-capacitors\/capacitors-high-vibration-exposures\/","og_locale":"en_US","og_type":"article","og_title":"Capacitors for high vibration exposures - FROLYT","og_description":"These are assemblies applicable to all dimensions of radial, axial and SMD capacitors.","og_url":"https:\/\/frolyt.de\/en\/aluminium-electrolytic-capacitors\/capacitors-high-vibration-exposures\/","og_site_name":"FROLYT","article_modified_time":"2020-12-29T16:50:24+00:00","og_image":[{"width":1170,"height":500,"url":"https:\/\/frolyt.de\/wp-content\/uploads\/frolyt-Startseite.jpg","type":"image\/jpeg"}],"twitter_card":"summary_large_image","twitter_misc":{"Est. reading time":"1 minute"},"schema":{"@context":"https:\/\/schema.org","@graph":[{"@type":"WebPage","@id":"https:\/\/frolyt.de\/en\/aluminium-electrolytic-capacitors\/capacitors-high-vibration-exposures\/","url":"https:\/\/frolyt.de\/en\/aluminium-electrolytic-capacitors\/capacitors-high-vibration-exposures\/","name":"Capacitors for high vibration exposures - FROLYT","isPartOf":{"@id":"https:\/\/frolyt.de\/#website"},"primaryImageOfPage":{"@id":"https:\/\/frolyt.de\/en\/aluminium-electrolytic-capacitors\/capacitors-high-vibration-exposures\/#primaryimage"},"image":{"@id":"https:\/\/frolyt.de\/en\/aluminium-electrolytic-capacitors\/capacitors-high-vibration-exposures\/#primaryimage"},"thumbnailUrl":"https:\/\/frolyt.de\/wp-content\/uploads\/frolyt-Startseite.jpg","datePublished":"2016-05-17T12:19:58+00:00","dateModified":"2020-12-29T16:50:24+00:00","description":"These are assemblies applicable to all dimensions of radial, axial and SMD capacitors.","breadcrumb":{"@id":"https:\/\/frolyt.de\/en\/aluminium-electrolytic-capacitors\/capacitors-high-vibration-exposures\/#breadcrumb"},"inLanguage":"en-US","potentialAction":[{"@type":"ReadAction","target":["https:\/\/frolyt.de\/en\/aluminium-electrolytic-capacitors\/capacitors-high-vibration-exposures\/"]}]},{"@type":"ImageObject","inLanguage":"en-US","@id":"https:\/\/frolyt.de\/en\/aluminium-electrolytic-capacitors\/capacitors-high-vibration-exposures\/#primaryimage","url":"https:\/\/frolyt.de\/wp-content\/uploads\/frolyt-Startseite.jpg","contentUrl":"https:\/\/frolyt.de\/wp-content\/uploads\/frolyt-Startseite.jpg","width":1170,"height":500},{"@type":"BreadcrumbList","@id":"https:\/\/frolyt.de\/en\/aluminium-electrolytic-capacitors\/capacitors-high-vibration-exposures\/#breadcrumb","itemListElement":[{"@type":"ListItem","position":1,"name":"Startseite","item":"https:\/\/frolyt.de\/en\/"},{"@type":"ListItem","position":2,"name":"Aluminum electrolytic capacitors","item":"https:\/\/frolyt.de\/en\/aluminium-electrolytic-capacitors\/"},{"@type":"ListItem","position":3,"name":"Capacitors for high vibration exposures"}]},{"@type":"WebSite","@id":"https:\/\/frolyt.de\/#website","url":"https:\/\/frolyt.de\/","name":"FROLYT","description":"Kondensatoren und Bauelemente","publisher":{"@id":"https:\/\/frolyt.de\/#organization"},"potentialAction":[{"@type":"SearchAction","target":{"@type":"EntryPoint","urlTemplate":"https:\/\/frolyt.de\/?s={search_term_string}"},"query-input":{"@type":"PropertyValueSpecification","valueRequired":true,"valueName":"search_term_string"}}],"inLanguage":"en-US"},{"@type":"Organization","@id":"https:\/\/frolyt.de\/#organization","name":"FROLYT Kondensatoren und Bauelemente GmbH","url":"https:\/\/frolyt.de\/","logo":{"@type":"ImageObject","inLanguage":"en-US","@id":"https:\/\/frolyt.de\/#\/schema\/logo\/image\/","url":"https:\/\/frolyt.de\/wp-content\/uploads\/frolyt-mini-logo@2x.png","contentUrl":"https:\/\/frolyt.de\/wp-content\/uploads\/frolyt-mini-logo@2x.png","width":146,"height":64,"caption":"FROLYT Kondensatoren und Bauelemente GmbH"},"image":{"@id":"https:\/\/frolyt.de\/#\/schema\/logo\/image\/"}}]}},"_links":{"self":[{"href":"https:\/\/frolyt.de\/en\/wp-json\/wp\/v2\/pages\/762","targetHints":{"allow":["GET"]}}],"collection":[{"href":"https:\/\/frolyt.de\/en\/wp-json\/wp\/v2\/pages"}],"about":[{"href":"https:\/\/frolyt.de\/en\/wp-json\/wp\/v2\/types\/page"}],"author":[{"embeddable":true,"href":"https:\/\/frolyt.de\/en\/wp-json\/wp\/v2\/users\/2"}],"replies":[{"embeddable":true,"href":"https:\/\/frolyt.de\/en\/wp-json\/wp\/v2\/comments?post=762"}],"version-history":[{"count":0,"href":"https:\/\/frolyt.de\/en\/wp-json\/wp\/v2\/pages\/762\/revisions"}],"up":[{"embeddable":true,"href":"https:\/\/frolyt.de\/en\/wp-json\/wp\/v2\/pages\/1508"}],"wp:featuredmedia":[{"embeddable":true,"href":"https:\/\/frolyt.de\/en\/wp-json\/wp\/v2\/media\/9439"}],"wp:attachment":[{"href":"https:\/\/frolyt.de\/en\/wp-json\/wp\/v2\/media?parent=762"}],"curies":[{"name":"wp","href":"https:\/\/api.w.org\/{rel}","templated":true}]}}